{"id":2,"date":"2025-12-12T12:25:27","date_gmt":"2025-12-12T12:25:27","guid":{"rendered":"https:\/\/susanabenitezdiaz.rkinformatika.online\/?page_id=2"},"modified":"2025-12-15T12:02:24","modified_gmt":"2025-12-15T12:02:24","slug":"inicio","status":"publish","type":"page","link":"https:\/\/susanabenitezdiaz.com\/en\/","title":{"rendered":"Home"},"content":{"rendered":"<div data-elementor-type=\"wp-page\" data-elementor-id=\"2\" class=\"elementor elementor-2\" data-elementor-post-type=\"page\">\n\t\t\t\t<div class=\"elementor-element elementor-element-f6f994f e-flex e-con-boxed e-con e-parent\" data-id=\"f6f994f\" data-element_type=\"container\" data-e-type=\"container\" data-settings=\"{&quot;background_background&quot;:&quot;classic&quot;}\">\n\t\t\t\t\t<div class=\"e-con-inner\">\n\t\t<div class=\"elementor-element elementor-element-4b77ede e-con-full e-flex e-con e-child\" data-id=\"4b77ede\" data-element_type=\"container\" data-e-type=\"container\">\n\t\t\t\t<div class=\"elementor-element elementor-element-af25962 elementor-invisible elementor-widget elementor-widget-heading\" data-id=\"af25962\" data-element_type=\"widget\" data-e-type=\"widget\" data-settings=\"{&quot;_animation&quot;:&quot;zoomIn&quot;}\" data-widget_type=\"heading.default\">\n\t\t\t\t\t<h2 class=\"elementor-heading-title elementor-size-default\">Manicure and Pedicure<\/h2>\t\t\t\t<\/div>\n\t\t\t\t<\/div>\n\t\t\t\t\t<\/div>\n\t\t\t\t<\/div>\n\t\t<div class=\"elementor-element elementor-element-83fe8f2 e-flex e-con-boxed e-con e-parent\" data-id=\"83fe8f2\" data-element_type=\"container\" data-e-type=\"container\" data-settings=\"{&quot;background_background&quot;:&quot;classic&quot;}\">\n\t\t\t\t\t<div class=\"e-con-inner\">\n\t\t<div class=\"elementor-element elementor-element-61889d1 e-con-full e-flex e-con e-child\" data-id=\"61889d1\" data-element_type=\"container\" data-e-type=\"container\">\n\t\t\t\t<div class=\"elementor-element elementor-element-b8bc82b elementor-flip-box--effect-flip elementor-flip-box--direction-up elementor-widget elementor-widget-flip-box\" data-id=\"b8bc82b\" data-element_type=\"widget\" data-e-type=\"widget\" data-widget_type=\"flip-box.default\">\n\t\t\t\t\t\t\t<div class=\"elementor-flip-box\" tabindex=\"0\">\n\t\t\t<div class=\"elementor-flip-box__layer elementor-flip-box__front\">\n\t\t\t\t<div class=\"elementor-flip-box__layer__overlay\">\n\t\t\t\t\t<div class=\"elementor-flip-box__layer__inner\">\n\t\t\t\t\t\t\n\t\t\t\t\t\t\n\t\t\t\t\t\t\t\t\t\t\t<\/div>\n\t\t\t\t<\/div>\n\t\t\t<\/div>\n\t\t\t<div class=\"elementor-flip-box__layer elementor-flip-box__back\">\n\t\t\t<div class=\"elementor-flip-box__layer__overlay\">\n\t\t\t\t<div class=\"elementor-flip-box__layer__inner\">\n\t\t\t\t\t\n\t\t\t\t\t\n\t\t\t\t\t\t\t\t<\/div>\n\t\t<\/div>\n\t\t<\/div>\n\t\t<\/div>\n\t\t\t\t\t\t<\/div>\n\t\t\t\t<\/div>\n\t\t<div class=\"elementor-element elementor-element-0be4afa e-con-full e-flex e-con e-child\" data-id=\"0be4afa\" data-element_type=\"container\" data-e-type=\"container\">\n\t\t\t\t<div class=\"elementor-element elementor-element-47f073e elementor-invisible elementor-widget elementor-widget-heading\" data-id=\"47f073e\" data-element_type=\"widget\" data-e-type=\"widget\" data-settings=\"{&quot;_animation&quot;:&quot;fadeIn&quot;,&quot;_animation_delay&quot;:50}\" data-widget_type=\"heading.default\">\n\t\t\t\t\t<h2 class=\"elementor-heading-title elementor-size-default\">About us<\/h2>\t\t\t\t<\/div>\n\t\t\t\t<div class=\"elementor-element elementor-element-437c7a1 elementor-invisible elementor-widget elementor-widget-heading\" data-id=\"437c7a1\" data-element_type=\"widget\" data-e-type=\"widget\" data-settings=\"{&quot;_animation&quot;:&quot;fadeIn&quot;,&quot;_animation_delay&quot;:100}\" data-widget_type=\"heading.default\">\n\t\t\t\t\t<h2 class=\"elementor-heading-title elementor-size-default\">Nail World<\/h2>\t\t\t\t<\/div>\n\t\t\t\t<div class=\"elementor-element elementor-element-d1b7aba elementor-widget elementor-widget-text-editor\" data-id=\"d1b7aba\" data-element_type=\"widget\" data-e-type=\"widget\" data-widget_type=\"text-editor.default\">\n\t\t\t\t\t\t\t\t\t<p>We are a business specializing in manicures and pedicures, where we take care of our clients with care and dedication, paying attention to every detail to guarantee the health and beauty of their hands and feet.<\/p><p>We are located in the beautiful town of La Orotava, a charming place where we have managed to create a welcoming and pleasant atmosphere so that each visit becomes a unique experience of relaxation and well-being.<\/p>\t\t\t\t\t\t\t\t<\/div>\n\t\t\t\t<\/div>\n\t\t\t\t\t<\/div>\n\t\t\t\t<\/div>\n\t\t<div class=\"elementor-element elementor-element-48536ad e-flex e-con-boxed e-con e-parent\" data-id=\"48536ad\" data-element_type=\"container\" data-e-type=\"container\" data-settings=\"{&quot;background_background&quot;:&quot;classic&quot;}\">\n\t\t\t\t\t<div class=\"e-con-inner\">\n\t\t<div class=\"elementor-element elementor-element-9925887 e-con-full e-flex e-con e-child\" data-id=\"9925887\" data-element_type=\"container\" data-e-type=\"container\">\n\t\t\t\t<div class=\"elementor-element elementor-element-019149a elementor-invisible elementor-widget elementor-widget-heading\" data-id=\"019149a\" data-element_type=\"widget\" data-e-type=\"widget\" data-settings=\"{&quot;_animation&quot;:&quot;fadeIn&quot;,&quot;_animation_delay&quot;:50}\" data-widget_type=\"heading.default\">\n\t\t\t\t\t<h2 class=\"elementor-heading-title elementor-size-default\">your image<\/h2>\t\t\t\t<\/div>\n\t\t\t\t<div class=\"elementor-element elementor-element-244c217 elementor-invisible elementor-widget elementor-widget-heading\" data-id=\"244c217\" data-element_type=\"widget\" data-e-type=\"widget\" data-settings=\"{&quot;_animation&quot;:&quot;fadeIn&quot;,&quot;_animation_delay&quot;:100}\" data-widget_type=\"heading.default\">\n\t\t\t\t\t<h2 class=\"elementor-heading-title elementor-size-default\">Your hands speak volumes about you\u2026 let them speak beautifully!<\/h2>\t\t\t\t<\/div>\n\t\t\t\t<div class=\"elementor-element elementor-element-6b8f5e9 elementor-widget elementor-widget-text-editor\" data-id=\"6b8f5e9\" data-element_type=\"widget\" data-e-type=\"widget\" data-widget_type=\"text-editor.default\">\n\t\t\t\t\t\t\t\t\t<p>Treatment by a highly trained and experienced manicurist, with a long history in nail care, offering a personalized service that guarantees the satisfaction and well-being of each client.<\/p>\t\t\t\t\t\t\t\t<\/div>\n\t\t\t\t<\/div>\n\t\t<div class=\"elementor-element elementor-element-47a3fc1 e-con-full e-flex e-con e-child\" data-id=\"47a3fc1\" data-element_type=\"container\" data-e-type=\"container\" data-settings=\"{&quot;background_background&quot;:&quot;classic&quot;}\">\n\t\t\t\t<div class=\"elementor-element elementor-element-84cba95 elementor-flip-box--effect-flip elementor-flip-box--direction-up elementor-widget elementor-widget-flip-box\" data-id=\"84cba95\" data-element_type=\"widget\" data-e-type=\"widget\" data-widget_type=\"flip-box.default\">\n\t\t\t\t\t\t\t<div class=\"elementor-flip-box\" tabindex=\"0\">\n\t\t\t<div class=\"elementor-flip-box__layer elementor-flip-box__front\">\n\t\t\t\t<div class=\"elementor-flip-box__layer__overlay\">\n\t\t\t\t\t<div class=\"elementor-flip-box__layer__inner\">\n\t\t\t\t\t\t\n\t\t\t\t\t\t\n\t\t\t\t\t\t\t\t\t\t\t<\/div>\n\t\t\t\t<\/div>\n\t\t\t<\/div>\n\t\t\t<div class=\"elementor-flip-box__layer elementor-flip-box__back\">\n\t\t\t<div class=\"elementor-flip-box__layer__overlay\">\n\t\t\t\t<div class=\"elementor-flip-box__layer__inner\">\n\t\t\t\t\t\n\t\t\t\t\t\n\t\t\t\t\t\t\t\t<\/div>\n\t\t<\/div>\n\t\t<\/div>\n\t\t<\/div>\n\t\t\t\t\t\t<\/div>\n\t\t\t\t<\/div>\n\t\t\t\t\t<\/div>\n\t\t\t\t<\/div>\n\t\t\t\t<section class=\"elementor-section elementor-top-section elementor-element elementor-element-402a285 elementor-section-boxed elementor-section-height-default elementor-section-height-default\" data-id=\"402a285\" data-element_type=\"section\" data-e-type=\"section\" data-settings=\"{&quot;background_background&quot;:&quot;classic&quot;}\">\n\t\t\t\t\t\t\t<div class=\"elementor-background-overlay\"><\/div>\n\t\t\t\t\t\t\t<div class=\"elementor-container elementor-column-gap-no\">\n\t\t\t\t\t<div class=\"elementor-column elementor-col-100 elementor-top-column elementor-element elementor-element-8f9e6b9\" data-id=\"8f9e6b9\" data-element_type=\"column\" data-e-type=\"column\" data-settings=\"{&quot;background_background&quot;:&quot;classic&quot;}\">\n\t\t\t<div class=\"elementor-widget-wrap elementor-element-populated\">\n\t\t\t\t\t\t<div class=\"elementor-element elementor-element-e4f1fe5 elementor-invisible elementor-widget elementor-widget-heading\" data-id=\"e4f1fe5\" data-element_type=\"widget\" data-e-type=\"widget\" data-settings=\"{&quot;_animation&quot;:&quot;zoomIn&quot;}\" data-widget_type=\"heading.default\">\n\t\t\t\t\t<h2 class=\"elementor-heading-title elementor-size-default\">Always perfect hands and feet, because the details also speak volumes about you!<\/h2>\t\t\t\t<\/div>\n\t\t\t\t<div class=\"elementor-element elementor-element-83bc89d elementor-align-center elementor-invisible elementor-widget elementor-widget-button\" data-id=\"83bc89d\" data-element_type=\"widget\" data-e-type=\"widget\" data-settings=\"{&quot;_animation&quot;:&quot;zoomIn&quot;}\" data-widget_type=\"button.default\">\n\t\t\t\t\t\t\t\t\t\t<a class=\"elementor-button elementor-button-link elementor-size-sm elementor-animation-hang\" href=\"\/en\/servicios\/\">\n\t\t\t\t\t\t<span class=\"elementor-button-content-wrapper\">\n\t\t\t\t\t\t\t\t\t<span class=\"elementor-button-text\">Services<\/span>\n\t\t\t\t\t<\/span>\n\t\t\t\t\t<\/a>\n\t\t\t\t\t\t\t\t<\/div>\n\t\t\t\t\t<\/div>\n\t\t<\/div>\n\t\t\t\t\t<\/div>\n\t\t<\/section>\n\t\t<div class=\"elementor-element elementor-element-1c88cdc e-flex e-con-boxed e-con e-parent\" data-id=\"1c88cdc\" data-element_type=\"container\" data-e-type=\"container\" data-settings=\"{&quot;background_background&quot;:&quot;classic&quot;}\">\n\t\t\t\t\t<div class=\"e-con-inner\">\n\t\t<div class=\"elementor-element elementor-element-642a397 e-con-full e-flex e-con e-child\" data-id=\"642a397\" data-element_type=\"container\" data-e-type=\"container\" data-settings=\"{&quot;background_background&quot;:&quot;classic&quot;}\">\n\t\t\t\t<div class=\"elementor-element elementor-element-ba7dfb8 elementor-flip-box--effect-flip elementor-flip-box--direction-up elementor-widget elementor-widget-flip-box\" data-id=\"ba7dfb8\" data-element_type=\"widget\" data-e-type=\"widget\" data-widget_type=\"flip-box.default\">\n\t\t\t\t\t\t\t<div class=\"elementor-flip-box\" tabindex=\"0\">\n\t\t\t<div class=\"elementor-flip-box__layer elementor-flip-box__front\">\n\t\t\t\t<div class=\"elementor-flip-box__layer__overlay\">\n\t\t\t\t\t<div class=\"elementor-flip-box__layer__inner\">\n\t\t\t\t\t\t\n\t\t\t\t\t\t\n\t\t\t\t\t\t\t\t\t\t\t<\/div>\n\t\t\t\t<\/div>\n\t\t\t<\/div>\n\t\t\t<div class=\"elementor-flip-box__layer elementor-flip-box__back\">\n\t\t\t<div class=\"elementor-flip-box__layer__overlay\">\n\t\t\t\t<div class=\"elementor-flip-box__layer__inner\">\n\t\t\t\t\t\n\t\t\t\t\t\n\t\t\t\t\t\t\t\t<\/div>\n\t\t<\/div>\n\t\t<\/div>\n\t\t<\/div>\n\t\t\t\t\t\t<\/div>\n\t\t\t\t<\/div>\n\t\t<div class=\"elementor-element elementor-element-b2c1e0d e-con-full e-flex e-con e-child\" data-id=\"b2c1e0d\" data-element_type=\"container\" data-e-type=\"container\">\n\t\t\t\t<div class=\"elementor-element elementor-element-7f69d6e elementor-invisible elementor-widget elementor-widget-heading\" data-id=\"7f69d6e\" data-element_type=\"widget\" data-e-type=\"widget\" data-settings=\"{&quot;_animation&quot;:&quot;fadeIn&quot;,&quot;_animation_delay&quot;:50}\" data-widget_type=\"heading.default\">\n\t\t\t\t\t<h2 class=\"elementor-heading-title elementor-size-default\">pedicure<\/h2>\t\t\t\t<\/div>\n\t\t\t\t<div class=\"elementor-element elementor-element-0325519 elementor-invisible elementor-widget elementor-widget-heading\" data-id=\"0325519\" data-element_type=\"widget\" data-e-type=\"widget\" data-settings=\"{&quot;_animation&quot;:&quot;fadeIn&quot;,&quot;_animation_delay&quot;:100}\" data-widget_type=\"heading.default\">\n\t\t\t\t\t<h2 class=\"elementor-heading-title elementor-size-default\">Stylish nails, well-cared-for feet!<\/h2>\t\t\t\t<\/div>\n\t\t\t\t<div class=\"elementor-element elementor-element-1bf60ec elementor-widget elementor-widget-text-editor\" data-id=\"1bf60ec\" data-element_type=\"widget\" data-e-type=\"widget\" data-widget_type=\"text-editor.default\">\n\t\t\t\t\t\t\t\t\t<p>We provide professional and effective pedicures, ensuring your feet look impeccable and feel comfortable after each session.<\/p>\t\t\t\t\t\t\t\t<\/div>\n\t\t\t\t<\/div>\n\t\t\t\t\t<\/div>\n\t\t\t\t<\/div>\n\t\t\t\t<\/div>","protected":false},"excerpt":{"rendered":"<p>Manicura y Pedicura Sobre nosotros Mundo de U\u00f1as Somos un negocio especializado en manicuras y pedicuras, donde cuidamos a nuestras clientas con esmero y dedicaci\u00f3n, prestando atenci\u00f3n a cada detalle para garantizar la salud y belleza de sus manos y pies. Nos encontramos en la hermosa localidad de La Orotava, un lugar encantador donde hemos [&hellip;]<\/p>\n","protected":false},"author":1,"featured_media":0,"parent":0,"menu_order":0,"comment_status":"closed","ping_status":"closed","template":"elementor_canvas","meta":{"footnotes":""},"class_list":["post-2","page","type-page","status-publish","hentry"],"yoast_head":"<!-- This site is optimized with the Yoast SEO plugin v27.4 - https:\/\/yoast.com\/product\/yoast-seo-wordpress\/ -->\n<title>Inicio - Mundo D U\u00f1as<\/title>\n<meta name=\"robots\" content=\"index, follow, max-snippet:-1, max-image-preview:large, max-video-preview:-1\" \/>\n<link rel=\"canonical\" href=\"https:\/\/susanabenitezdiaz.com\/en\/\" \/>\n<meta property=\"og:locale\" content=\"en_GB\" \/>\n<meta property=\"og:type\" content=\"article\" \/>\n<meta property=\"og:title\" content=\"Inicio - Mundo D U\u00f1as\" \/>\n<meta property=\"og:description\" content=\"Manicura y Pedicura Sobre nosotros Mundo de U\u00f1as Somos un negocio especializado en manicuras y pedicuras, donde cuidamos a nuestras clientas con esmero y dedicaci\u00f3n, prestando atenci\u00f3n a cada detalle para garantizar la salud y belleza de sus manos y pies. Nos encontramos en la hermosa localidad de La Orotava, un lugar encantador donde hemos [&hellip;]\" \/>\n<meta property=\"og:url\" content=\"https:\/\/susanabenitezdiaz.com\/en\/\" \/>\n<meta property=\"og:site_name\" content=\"Mundo D U\u00f1as\" \/>\n<meta property=\"article:modified_time\" content=\"2025-12-15T12:02:24+00:00\" \/>\n<meta name=\"twitter:card\" content=\"summary_large_image\" \/>\n<meta name=\"twitter:label1\" content=\"Estimated reading time\" \/>\n\t<meta name=\"twitter:data1\" content=\"1 minute\" \/>\n<script type=\"application\/ld+json\" class=\"yoast-schema-graph\">{\"@context\":\"https:\\\/\\\/schema.org\",\"@graph\":[{\"@type\":\"WebPage\",\"@id\":\"https:\\\/\\\/susanabenitezdiaz.com\\\/\",\"url\":\"https:\\\/\\\/susanabenitezdiaz.com\\\/\",\"name\":\"Inicio - Mundo D U\u00f1as\",\"isPartOf\":{\"@id\":\"https:\\\/\\\/susanabenitezdiaz.com\\\/#website\"},\"datePublished\":\"2025-12-12T12:25:27+00:00\",\"dateModified\":\"2025-12-15T12:02:24+00:00\",\"breadcrumb\":{\"@id\":\"https:\\\/\\\/susanabenitezdiaz.com\\\/#breadcrumb\"},\"inLanguage\":\"en-GB\",\"potentialAction\":[{\"@type\":\"ReadAction\",\"target\":[\"https:\\\/\\\/susanabenitezdiaz.com\\\/\"]}]},{\"@type\":\"BreadcrumbList\",\"@id\":\"https:\\\/\\\/susanabenitezdiaz.com\\\/#breadcrumb\",\"itemListElement\":[{\"@type\":\"ListItem\",\"position\":1,\"name\":\"Portada\",\"item\":\"https:\\\/\\\/susanabenitezdiaz.com\\\/\"},{\"@type\":\"ListItem\",\"position\":2,\"name\":\"Inicio\"}]},{\"@type\":\"WebSite\",\"@id\":\"https:\\\/\\\/susanabenitezdiaz.com\\\/#website\",\"url\":\"https:\\\/\\\/susanabenitezdiaz.com\\\/\",\"name\":\"Mundo D U\u00f1as\",\"description\":\"Mundo D U\u00f1as\",\"publisher\":{\"@id\":\"https:\\\/\\\/susanabenitezdiaz.com\\\/#organization\"},\"potentialAction\":[{\"@type\":\"SearchAction\",\"target\":{\"@type\":\"EntryPoint\",\"urlTemplate\":\"https:\\\/\\\/susanabenitezdiaz.com\\\/?s={search_term_string}\"},\"query-input\":{\"@type\":\"PropertyValueSpecification\",\"valueRequired\":true,\"valueName\":\"search_term_string\"}}],\"inLanguage\":\"en-GB\"},{\"@type\":\"Organization\",\"@id\":\"https:\\\/\\\/susanabenitezdiaz.com\\\/#organization\",\"name\":\"Mundo D U\u00f1as\",\"url\":\"https:\\\/\\\/susanabenitezdiaz.com\\\/\",\"logo\":{\"@type\":\"ImageObject\",\"inLanguage\":\"en-GB\",\"@id\":\"https:\\\/\\\/susanabenitezdiaz.com\\\/#\\\/schema\\\/logo\\\/image\\\/\",\"url\":\"https:\\\/\\\/susanabenitezdiaz.com\\\/wp-content\\\/uploads\\\/2025\\\/12\\\/logo_web.png\",\"contentUrl\":\"https:\\\/\\\/susanabenitezdiaz.com\\\/wp-content\\\/uploads\\\/2025\\\/12\\\/logo_web.png\",\"width\":610,\"height\":409,\"caption\":\"Mundo D U\u00f1as\"},\"image\":{\"@id\":\"https:\\\/\\\/susanabenitezdiaz.com\\\/#\\\/schema\\\/logo\\\/image\\\/\"}}]}<\/script>\n<!-- \/ Yoast SEO plugin. -->","yoast_head_json":{"title":"Inicio - Mundo D U\u00f1as","robots":{"index":"index","follow":"follow","max-snippet":"max-snippet:-1","max-image-preview":"max-image-preview:large","max-video-preview":"max-video-preview:-1"},"canonical":"https:\/\/susanabenitezdiaz.com\/en\/","og_locale":"en_GB","og_type":"article","og_title":"Inicio - Mundo D U\u00f1as","og_description":"Manicura y Pedicura Sobre nosotros Mundo de U\u00f1as Somos un negocio especializado en manicuras y pedicuras, donde cuidamos a nuestras clientas con esmero y dedicaci\u00f3n, prestando atenci\u00f3n a cada detalle para garantizar la salud y belleza de sus manos y pies. Nos encontramos en la hermosa localidad de La Orotava, un lugar encantador donde hemos [&hellip;]","og_url":"https:\/\/susanabenitezdiaz.com\/en\/","og_site_name":"Mundo D U\u00f1as","article_modified_time":"2025-12-15T12:02:24+00:00","twitter_card":"summary_large_image","twitter_misc":{"Estimated reading time":"1 minute"},"schema":{"@context":"https:\/\/schema.org","@graph":[{"@type":"WebPage","@id":"https:\/\/susanabenitezdiaz.com\/","url":"https:\/\/susanabenitezdiaz.com\/","name":"Inicio - Mundo D U\u00f1as","isPartOf":{"@id":"https:\/\/susanabenitezdiaz.com\/#website"},"datePublished":"2025-12-12T12:25:27+00:00","dateModified":"2025-12-15T12:02:24+00:00","breadcrumb":{"@id":"https:\/\/susanabenitezdiaz.com\/#breadcrumb"},"inLanguage":"en-GB","potentialAction":[{"@type":"ReadAction","target":["https:\/\/susanabenitezdiaz.com\/"]}]},{"@type":"BreadcrumbList","@id":"https:\/\/susanabenitezdiaz.com\/#breadcrumb","itemListElement":[{"@type":"ListItem","position":1,"name":"Portada","item":"https:\/\/susanabenitezdiaz.com\/"},{"@type":"ListItem","position":2,"name":"Inicio"}]},{"@type":"WebSite","@id":"https:\/\/susanabenitezdiaz.com\/#website","url":"https:\/\/susanabenitezdiaz.com\/","name":"Mundo D U\u00f1as","description":"Mundo D U\u00f1as","publisher":{"@id":"https:\/\/susanabenitezdiaz.com\/#organization"},"potentialAction":[{"@type":"SearchAction","target":{"@type":"EntryPoint","urlTemplate":"https:\/\/susanabenitezdiaz.com\/?s={search_term_string}"},"query-input":{"@type":"PropertyValueSpecification","valueRequired":true,"valueName":"search_term_string"}}],"inLanguage":"en-GB"},{"@type":"Organization","@id":"https:\/\/susanabenitezdiaz.com\/#organization","name":"Mundo D U\u00f1as","url":"https:\/\/susanabenitezdiaz.com\/","logo":{"@type":"ImageObject","inLanguage":"en-GB","@id":"https:\/\/susanabenitezdiaz.com\/#\/schema\/logo\/image\/","url":"https:\/\/susanabenitezdiaz.com\/wp-content\/uploads\/2025\/12\/logo_web.png","contentUrl":"https:\/\/susanabenitezdiaz.com\/wp-content\/uploads\/2025\/12\/logo_web.png","width":610,"height":409,"caption":"Mundo D U\u00f1as"},"image":{"@id":"https:\/\/susanabenitezdiaz.com\/#\/schema\/logo\/image\/"}}]}},"_links":{"self":[{"href":"https:\/\/susanabenitezdiaz.com\/en\/wp-json\/wp\/v2\/pages\/2","targetHints":{"allow":["GET"]}}],"collection":[{"href":"https:\/\/susanabenitezdiaz.com\/en\/wp-json\/wp\/v2\/pages"}],"about":[{"href":"https:\/\/susanabenitezdiaz.com\/en\/wp-json\/wp\/v2\/types\/page"}],"author":[{"embeddable":true,"href":"https:\/\/susanabenitezdiaz.com\/en\/wp-json\/wp\/v2\/users\/1"}],"replies":[{"embeddable":true,"href":"https:\/\/susanabenitezdiaz.com\/en\/wp-json\/wp\/v2\/comments?post=2"}],"version-history":[{"count":97,"href":"https:\/\/susanabenitezdiaz.com\/en\/wp-json\/wp\/v2\/pages\/2\/revisions"}],"predecessor-version":[{"id":409,"href":"https:\/\/susanabenitezdiaz.com\/en\/wp-json\/wp\/v2\/pages\/2\/revisions\/409"}],"wp:attachment":[{"href":"https:\/\/susanabenitezdiaz.com\/en\/wp-json\/wp\/v2\/media?parent=2"}],"curies":[{"name":"wp","href":"https:\/\/api.w.org\/{rel}","templated":true}]}}